{"id":20,"date":"2026-02-07T21:51:29","date_gmt":"2026-02-07T21:51:29","guid":{"rendered":"https:\/\/jacofinest.com\/home\/"},"modified":"2026-03-23T20:23:24","modified_gmt":"2026-03-23T20:23:24","slug":"home","status":"publish","type":"page","link":"https:\/\/jacofinest.com\/es\/","title":{"rendered":"Los mejores servicios de Jaco"},"content":{"rendered":"<div class=\"wp-block-uagb-container uagb-block-cd08ac4c alignfull uagb-is-root-container\"><div class=\"uagb-container-inner-blocks-wrap\">\n<div class=\"wp-block-uagb-info-box uagb-block-1cbb6637 uagb-infobox__content-wrap  uagb-infobox-icon-above-title uagb-infobox-image-valign-top wp-block-uagb-info-box--has-margin\"><div class=\"uagb-infobox-margin-wrapper\"><div class=\"uagb-ifb-content\"><div class=\"uagb-ifb-title-wrap\"><p class=\"uagb-ifb-title-prefix\">\u00a1Explora Jac\u00f3 y m\u00e1s all\u00e1!<\/p><h1 class=\"uagb-ifb-title\"> Aventuras inolvidables y alquiler de carritos de golf para unas vacaciones perfectas en Costa Rica.<\/h1><\/div><div class=\"uagb-ifb-button-wrapper wp-block-button\"><a href=\"https:\/\/jacofinest.com\/es\/#infotours\" class=\"uagb-infobox-cta-link wp-block-button__link\" target=\"_self\" rel=\"noopener noreferrer\" onclick=\"return true;\"><span class=\"uagb-inline-editing\">M\u00e1s informaci\u00f3n<\/span><\/a><\/div><\/div><\/div><\/div>\n<\/div><\/div>\n\n\n\n<div class=\"wp-block-uagb-container uagb-block-483a92cd alignfull uagb-is-root-container\"><div class=\"uagb-container-inner-blocks-wrap\">\n<div class=\"wp-block-uagb-container uagb-block-4b1402aa\">\n<div class=\"wp-block-uagb-info-box uagb-block-95a5feec uagb-infobox__content-wrap  uagb-infobox-icon-above-title uagb-infobox-image-valign-top wp-block-uagb-info-box--has-margin\"><div class=\"uagb-infobox-margin-wrapper\"><div class=\"uagb-ifb-content\"><div class=\"uagb-ifb-title-wrap\"><span class=\"uagb-ifb-title-prefix\">Acerca de nosotros<\/span><h2 class=\"uagb-ifb-title\">Tu puerta de entrada a aut\u00e9nticas aventuras en Costa Rica<\/h2><\/div><p class=\"uagb-ifb-desc\"><strong>Descubre Jac\u00f3 con los expertos locales<\/strong> En <strong>Los mejores servicios de Jaco<\/strong>, Creemos que explorar Costa Rica debe ser tan relajante como emocionante. Con sede en el coraz\u00f3n de Jac\u00f3, nos especializamos en crear recuerdos inolvidables a trav\u00e9s de nuestra amplia gama de tours cuidadosamente seleccionados.<\/p><div class=\"uagb-ifb-button-wrapper wp-block-button\"><a href=\"https:\/\/wa.link\/lsw7zx\" class=\"uagb-infobox-cta-link wp-block-button__link\" target=\"_self\" rel=\"noopener noreferrer\" onclick=\"return true;\"><span class=\"uagb-inline-editing\">M\u00e1s informaci\u00f3n<\/span><\/a><\/div><\/div><\/div><\/div>\n<\/div>\n\n\n\n<div class=\"wp-block-uagb-container uagb-block-1e7d4779\">\n<div class=\"wp-block-uagb-image alignleft uagb-block-b14d98aa wp-block-uagb-image--layout-default wp-block-uagb-image--effect-static wp-block-uagb-image--align-left aligncenter\"><figure class=\"wp-block-uagb-image__figure\"><img decoding=\"async\" srcset=\"https:\/\/jacofinest.com\/wp-content\/uploads\/2026\/02\/WhatsApp-Image-2026-02-07-at-3.33.09-PM.webp ,https:\/\/jacofinest.com\/wp-content\/uploads\/2026\/02\/WhatsApp-Image-2026-02-07-at-3.33.09-PM.webp 780w, https:\/\/jacofinest.com\/wp-content\/uploads\/2026\/02\/WhatsApp-Image-2026-02-07-at-3.33.09-PM.webp 360w\" sizes=\"auto, (max-width: 480px) 150px\" src=\"https:\/\/jacofinest.com\/wp-content\/uploads\/2026\/02\/WhatsApp-Image-2026-02-07-at-3.33.09-PM.webp\" alt=\"tours-at-jaco-beach\" class=\"uag-image-569\" width=\"475\" height=\"838\" title=\"excursiones-en-la-playa-de-Jaco\" loading=\"lazy\" role=\"img\"\/><\/figure><\/div>\n<\/div>\n<\/div><\/div>\n\n\n\n<div class=\"wp-block-uagb-container uagb-block-e6e6d851 alignfull uagb-is-root-container\"><div class=\"uagb-container-inner-blocks-wrap\">\n<div class=\"wp-block-uagb-info-box uagb-block-209471ca uagb-infobox__content-wrap  uagb-infobox-icon-above-title uagb-infobox-image-valign-top wp-block-uagb-info-box--has-margin\"><div class=\"uagb-infobox-margin-wrapper\"><div class=\"uagb-ifb-content\"><div class=\"uagb-ifb-title-wrap\"><span class=\"uagb-ifb-title-prefix\">Descubre Costa Rica: excursiones y aventuras en Jac\u00f3 para todos los exploradores<\/span><h2 class=\"uagb-ifb-title\">Desde emocionantes paseos en cuatrimoto hasta tranquilas visitas al Parque Nacional Manuel Antonio, encuentra tu tour ideal por Costa Rica.<\/h2><\/div><\/div><\/div><\/div>\n\n\n\n<div class=\"wp-block-uagb-container uagb-block-aef26be5\">\n<div class=\"wp-block-uagb-info-box uagb-block-7b3f2fde uagb-infobox__content-wrap  uagb-infobox-icon-above-title uagb-infobox-image-valign-top wp-block-uagb-info-box--has-margin\"><div class=\"uagb-infobox-margin-wrapper\"><div class=\"uagb-ifb-content\"><div class=\"uagb-ifb-image-content\"><img decoding=\"async\" src=\"https:\/\/jacofinest.com\/wp-content\/uploads\/2026\/02\/WhatsApp-Image-2026-02-07-at-3.33.08-PM-250x300.webp\" alt=\"cocodrile-tour-jaco-costa-rica\" width=\"\" height=\"0\" loading=\"lazy\"\/><\/div><div class=\"uagb-ifb-title-wrap\"><p class=\"uagb-ifb-title-prefix\">01<\/p><h3 class=\"uagb-ifb-title\">Excursi\u00f3n para ver cocodrilos<\/h3><\/div><p class=\"uagb-ifb-desc\">Tour cocodrilos T\u00e1rcoles, safari de cocodrilos, vida silvestre.<\/p><\/div><\/div><\/div>\n\n\n\n<div class=\"wp-block-uagb-info-box uagb-block-7c94c1b9 uagb-infobox__content-wrap  uagb-infobox-icon-above-title uagb-infobox-image-valign-top wp-block-uagb-info-box--has-margin\"><div class=\"uagb-infobox-margin-wrapper\"><div class=\"uagb-ifb-content\"><div class=\"uagb-ifb-image-content\"><img decoding=\"async\" src=\"https:\/\/jacofinest.com\/wp-content\/uploads\/2026\/02\/WhatsApp-Image-2026-02-07-at-3.33.06-PM-225x300.webp\" alt=\"horse-back-tour-jaco-costa-rica-beach\" width=\"\" height=\"0\" loading=\"lazy\"\/><\/div><div class=\"uagb-ifb-title-wrap\"><p class=\"uagb-ifb-title-prefix\">02<\/p><h3 class=\"uagb-ifb-title\">Paseos a caballo<\/h3><\/div><p class=\"uagb-ifb-desc\">Cabalgatas en Jac\u00f3, paseo a caballo por la playa, aventura rural.<\/p><\/div><\/div><\/div>\n\n\n\n<div class=\"wp-block-uagb-info-box uagb-block-d0590ba5 uagb-infobox__content-wrap  uagb-infobox-icon-above-title uagb-infobox-image-valign-top wp-block-uagb-info-box--has-margin\"><div class=\"uagb-infobox-margin-wrapper\"><div class=\"uagb-ifb-content\"><div class=\"uagb-ifb-image-content\"><img decoding=\"async\" src=\"https:\/\/jacofinest.com\/wp-content\/uploads\/2026\/02\/WhatsApp-Image-2026-02-07-at-3.33.07-PM-1-225x300.webp\" alt=\"boy-with-monkey-in-jaco-beach\" width=\"\" height=\"0\" loading=\"lazy\"\/><\/div><div class=\"uagb-ifb-title-wrap\"><p class=\"uagb-ifb-title-prefix\">03<\/p><h3 class=\"uagb-ifb-title\">Tour de los monos<\/h3><\/div><p class=\"uagb-ifb-desc\">Una experiencia inolvidable con la vida silvestre para todas las edades.<\/p><\/div><\/div><\/div>\n<\/div>\n\n\n\n<!--more more-->\n\n\n\n<div class=\"wp-block-columns alignwide are-vertically-aligned-center is-layout-flex wp-container-core-columns-is-layout-28f84493 wp-block-columns-is-layout-flex\">\n<div class=\"wp-block-column is-vertically-aligned-center is-layout-flow wp-block-column-is-layout-flow\" style=\"flex-basis:100%\"><\/div>\n<\/div>\n<\/div><\/div>\n\n\n\n<div class=\"wp-block-columns is-layout-flex wp-container-core-columns-is-layout-28f84493 wp-block-columns-is-layout-flex\">\n<div class=\"wp-block-column is-layout-flow wp-block-column-is-layout-flow\" style=\"flex-basis:100%\">\n<div class=\"wp-block-uagb-buttons uagb-buttons__outer-wrap uagb-btn__extralarge-btn uagb-btn-tablet__default-btn uagb-btn-mobile__default-btn uagb-block-1758dd2f\"><div class=\"uagb-buttons__wrap uagb-buttons-layout-wrap\">\n<div class=\"wp-block-uagb-buttons-child uagb-buttons__outer-wrap uagb-block-26a90e34 wp-block-button\"><div class=\"uagb-button__wrapper\"><a class=\"uagb-buttons-repeater wp-block-button__link\" aria-label=\"\" href=\"https:\/\/jacofinest.com\/es\/tours\/\" rel=\"follow noopener\" target=\"_self\" role=\"button\"><div class=\"uagb-button__link\">ver todos los tours<\/div><\/a><\/div><\/div>\n<\/div><\/div>\n<\/div>\n<\/div>\n\n\n\n<div class=\"wp-block-uagb-container uagb-block-03c421a9 alignfull uagb-is-root-container\"><div class=\"uagb-container-inner-blocks-wrap\">\n<div class=\"wp-block-uagb-info-box uagb-block-ad44d917 uagb-infobox__content-wrap  uagb-infobox-icon-above-title uagb-infobox-image-valign-top wp-block-uagb-info-box--has-margin\"><div class=\"uagb-infobox-margin-wrapper\"><div class=\"uagb-ifb-content\"><div class=\"uagb-ifb-title-wrap\"><span class=\"uagb-ifb-title-prefix\">Alquiler de carritos de golf en Jaco: una forma f\u00e1cil y divertida de explorar la ciudad<\/span><h2 class=\"uagb-ifb-title\"> C\u00f3modo, asequible y la mejor manera de desplazarse por la playa de Jac\u00f3 y las atracciones cercanas.<\/h2><\/div><div class=\"uagb-ifb-button-wrapper wp-block-button\"><a href=\"https:\/\/jacofinest.com\/es\/golf-carts\/\" class=\"uagb-infobox-cta-link wp-block-button__link\" target=\"_self\" rel=\"noopener noreferrer\" onclick=\"return true;\"><span class=\"uagb-inline-editing\">ALQUILER<\/span><\/a><\/div><\/div><\/div><\/div>\n<\/div><\/div>\n\n\n\n<div class=\"wp-block-uagb-container uagb-block-bd294b54 alignfull uagb-is-root-container\"><div class=\"uagb-container-inner-blocks-wrap\">\n<div id=\"infotours\" class=\"wp-block-uagb-container uagb-block-be752df5\">\n<div class=\"wp-block-uagb-info-box uagb-block-96de7bfb uagb-infobox__content-wrap  uagb-infobox-icon-above-title uagb-infobox-image-valign-top wp-block-uagb-info-box--has-margin\"><div class=\"uagb-infobox-margin-wrapper\"><div class=\"uagb-ifb-content\"><div class=\"uagb-ifb-title-wrap\"><span class=\"uagb-ifb-title-prefix\">Puede relajarse y confiar en nosotros.<\/span><h2 class=\"uagb-ifb-title\">Aventuras a la medida para una estancia perfecta<\/h2><\/div><p class=\"uagb-ifb-desc\">Elige c\u00f3mo quieres vivir hoy tu experiencia en Costa Rica. Desde emociones r\u00e1pidas hasta total flexibilidad, tenemos el plan perfecto para ti.<\/p><\/div><\/div><\/div>\n<\/div>\n\n\n\n<div class=\"wp-block-uagb-container uagb-block-5b819529\">\n<div class=\"wp-block-uagb-advanced-heading uagb-block-4b269d2c\"><h3 class=\"uagb-heading-text\">Aventura de \u00faltima hora<\/h3><p class=\"uagb-desc-text\">\u00bfBuscas emociones espont\u00e1neas? \u00danete a nuestras salidas diarias para realizar excursiones para ver monos, tirolinas o aventuras en cuatrimotos. Perfecto para aquellos que quieren aprovechar al m\u00e1ximo su d\u00eda sin necesidad de planificar con mucha antelaci\u00f3n.<\/p><\/div>\n\n\n\n<div class=\"wp-block-uagb-buttons uagb-buttons__outer-wrap uagb-btn__default-btn uagb-btn-tablet__default-btn uagb-btn-mobile__default-btn uagb-block-a1ebb63c\"><div class=\"uagb-buttons__wrap uagb-buttons-layout-wrap\">\n<div class=\"wp-block-uagb-buttons-child uagb-buttons__outer-wrap uagb-block-181ba456 wp-block-button\"><div class=\"uagb-button__wrapper\"><a class=\"uagb-buttons-repeater wp-block-button__link\" aria-label=\"\" href=\"https:\/\/jacofinest.com\/es\/contact\/\" rel=\"follow noopener\" target=\"_self\" role=\"button\"><div class=\"uagb-button__link\">reserva<\/div><\/a><\/div><\/div>\n<\/div><\/div>\n\n\n\n<div class=\"wp-block-uagb-advanced-heading uagb-block-bf44b603\"><div class=\"uagb-separator\"><\/div><h3 class=\"uagb-heading-text\">Alquiler de carritos de golf<\/h3><p class=\"uagb-desc-text\"><strong>Explora a tu propio ritmo.<\/strong> Renta un carrito de golf apto para circular por la v\u00eda p\u00fablica y descubre la playa de Jac\u00f3 con total libertad. Es la forma m\u00e1s c\u00f3moda de visitar los restaurantes, tiendas y playas cercanas sin tener que preocuparte por el estacionamiento.<\/p><\/div>\n\n\n\n<div class=\"wp-block-uagb-buttons uagb-buttons__outer-wrap uagb-btn__default-btn uagb-btn-tablet__default-btn uagb-btn-mobile__default-btn uagb-block-8099e3f5\"><div class=\"uagb-buttons__wrap uagb-buttons-layout-wrap\">\n<div class=\"wp-block-uagb-buttons-child uagb-buttons__outer-wrap uagb-block-2a49874d wp-block-button\"><div class=\"uagb-button__wrapper\"><a class=\"uagb-buttons-repeater wp-block-button__link\" aria-label=\"\" href=\"https:\/\/jacofinest.com\/es\/contact\/\" rel=\"follow noopener\" target=\"_self\" role=\"button\"><div class=\"uagb-button__link\">reserva<\/div><\/a><\/div><\/div>\n<\/div><\/div>\n\n\n\n<div class=\"wp-block-uagb-advanced-heading uagb-block-22b475f2\"><div class=\"uagb-separator\"><\/div><h3 class=\"uagb-heading-text\">Combinaciones de tours personalizados<\/h3><p class=\"uagb-desc-text\"><strong>Experiencia personalizada.<\/strong> Crea tu propio paquete de aventura combinando tus actividades favoritas. Combina una excursi\u00f3n a una cascada con un tour del chocolate o una fiesta en barco al atardecer. Dise\u00f1amos un itinerario personalizado que se adapta a tu horario y presupuesto.<\/p><\/div>\n\n\n\n<div class=\"wp-block-uagb-buttons uagb-buttons__outer-wrap uagb-btn__default-btn uagb-btn-tablet__default-btn uagb-btn-mobile__default-btn uagb-block-69950cdc\"><div class=\"uagb-buttons__wrap uagb-buttons-layout-wrap\">\n<div class=\"wp-block-uagb-buttons-child uagb-buttons__outer-wrap uagb-block-b68aac00 wp-block-button\"><div class=\"uagb-button__wrapper\"><a class=\"uagb-buttons-repeater wp-block-button__link\" aria-label=\"\" href=\"https:\/\/jacofinest.com\/es\/contact\/\" rel=\"follow noopener\" target=\"_self\" role=\"button\"><div class=\"uagb-button__link\">reserva<\/div><\/a><\/div><\/div>\n<\/div><\/div>\n<\/div>\n<\/div><\/div>\n\n\n\n<div style=\"height:68px\" aria-hidden=\"true\" class=\"wp-block-spacer\"><\/div>\n\n\n<h2 class=\"has-text-align-center wp-block-post-title\">Los mejores servicios de Jaco<\/h2>\n\n\t\t\t<div \n\t\t\tclass=\"wp-block-uagb-google-map uagb-google-map__wrap uagb-block-d5568b62\"\n\t\t\tstyle=\"\" >\n\t\t\t\t<embed\n\t\t\t\t\tclass=\"uagb-google-map__iframe\"\n\t\t\t\t\ttitle=\"Google Map for \"\n\t\t\t\t\tsrc=\"https:\/\/maps.google.com\/maps?q=Jaco%20finest&#038;z=15&#038;hl=en&#038;t=m&#038;output=embed&#038;iwloc=near\"\n\t\t\t\t\twidth=\"640\"\n\t\t\t\t\theight=\"300\"\n\t\t\t\t\tloading=\"lazy\"\n\t\t\t\t><\/embed>\n\t\t\t<\/div>\n\t\t\t\n\n\n<div class=\"wp-block-uagb-container uagb-block-ce5ee59e alignfull uagb-is-root-container\"><div class=\"uagb-container-inner-blocks-wrap\">\n<div class=\"wp-block-uagb-advanced-heading uagb-block-f9bf445f\"><h2 class=\"uagb-heading-text\">Tenemos los mejores clientes!<\/h2><\/div>\n\n\n\n<div class=\"wp-block-uagb-container uagb-block-98ff33b0\">\n<div class=\"wp-block-uagb-container uagb-block-5b50982f\">\n<div class=\"wp-block-uagb-info-box uagb-block-ed3b8211 uagb-infobox__content-wrap  uagb-infobox-icon-above-title uagb-infobox-image-valign-top\"><div class=\"uagb-ifb-content\"><div class=\"uagb-ifb-image-content\"><img decoding=\"async\" src=\"https:\/\/jacofinest.com\/wp-content\/uploads\/2026\/02\/WhatsApp-Image-2026-02-07-at-3.32.50-PM-1-300x225.webp\" alt=\"people-on-jaco-beach-tour\" width=\"205\" height=\"153\" loading=\"lazy\"\/><\/div><div class=\"uagb-ifb-title-wrap\"><p class=\"uagb-ifb-title\">\u201cReservamos el tour en cuatrimoto y el tour para ver monos. Nuestro gu\u00eda estaba muy bien informado y se asegur\u00f3 de que nos sinti\u00e9ramos seguros en todo momento. Ver a los monos tan de cerca fue un sue\u00f1o hecho realidad. \u00a1Recomendamos encarecidamente Jaco Finest Services!\u201d<\/p><\/div><p class=\"uagb-ifb-desc\">\u2013 \u00a1Lo mejor de nuestro viaje!<\/p><\/div><\/div>\n<\/div>\n\n\n\n<div class=\"wp-block-uagb-container uagb-block-62a4f722\">\n<div class=\"wp-block-uagb-info-box uagb-block-5dbd5797 uagb-infobox__content-wrap  uagb-infobox-icon-above-title uagb-infobox-image-valign-top\"><div class=\"uagb-ifb-content\"><div class=\"uagb-ifb-image-content\"><img decoding=\"async\" src=\"https:\/\/jacofinest.com\/wp-content\/uploads\/2026\/02\/WhatsApp-Image-2026-02-07-at-3.32.48-PM-1024x768.webp\" alt=\"jaco-beach-tour\" width=\"205\" height=\"153\" loading=\"lazy\"\/><\/div><div class=\"uagb-ifb-title-wrap\"><p class=\"uagb-ifb-title\">\u201cDesde el traslado desde el aeropuerto hasta nuestra excursi\u00f3n de un d\u00eda a Manuel Antonio, todo estuvo perfectamente organizado. Son puntuales, las camionetas son c\u00f3modas y se nota que realmente se preocupan por sus clientes. \u00a1Cinco estrellas!\u201d.\u201d<\/p><\/div><p class=\"uagb-ifb-desc\">\u2013 Sin complicaciones y sin estr\u00e9s.<\/p><\/div><\/div>\n<\/div>\n\n\n\n<div class=\"wp-block-uagb-container uagb-block-8a5f7ed1\">\n<div class=\"wp-block-uagb-info-box uagb-block-7703305f uagb-infobox__content-wrap  uagb-infobox-icon-above-title uagb-infobox-image-valign-top\"><div class=\"uagb-ifb-content\"><div class=\"uagb-ifb-image-content\"><img decoding=\"async\" src=\"https:\/\/jacofinest.com\/wp-content\/uploads\/2026\/02\/WhatsApp-Image-2026-02-07-at-3.33.05-PM-1024x681.webp\" alt=\"food-at-jaco-beach-tour\" width=\"205\" height=\"136\" loading=\"lazy\"\/><\/div><div class=\"uagb-ifb-title-wrap\"><p class=\"uagb-ifb-title\">\u201cHicimos el tour del chocolate y la aventura de las cascadas. No solo el paisaje era impresionante, sino que la comida fue una aut\u00e9ntica sorpresa. Comimos un \u2018casado\u2019 tradicional que fue la mejor comida que probamos en Costa Rica. \u00a1Sabores aut\u00e9nticos y un servicio incre\u00edble!\u201d.\u201d<\/p><\/div><p class=\"uagb-ifb-desc\">\u2013 \u00a1Un placer para el alma y el paladar!<\/p><\/div><\/div>\n<\/div>\n<\/div>\n<\/div><\/div>\n\n\n\n<div class=\"wp-block-uagb-container uagb-block-0d6e6fa5 alignfull uagb-is-root-container\"><div class=\"uagb-container-inner-blocks-wrap\">\n<div class=\"wp-block-uagb-info-box uagb-block-a3aa2356 uagb-infobox__content-wrap  uagb-infobox-icon-above-title uagb-infobox-image-valign-top wp-block-uagb-info-box--has-margin\"><div class=\"uagb-infobox-margin-wrapper\"><div class=\"uagb-ifb-content\"><div class=\"uagb-ifb-title-wrap\"><span class=\"uagb-ifb-title-prefix\">\u00bfTienes preguntas?<\/span><h2 class=\"uagb-ifb-title\">Estamos a solo un mensaje de distancia para ayudarte a planear tu aventura perfecta.<\/h2><\/div><div class=\"uagb-ifb-button-wrapper wp-block-button\"><a href=\"https:\/\/wa.link\/lsw7zx\" class=\"uagb-infobox-cta-link wp-block-button__link\" target=\"_blank\" rel=\"noopener noreferrer\" onclick=\"return true;\"><span class=\"uagb-inline-editing\">Escr\u00edbanos por WhatsApp<\/span><\/a><\/div><\/div><\/div><\/div>\n<\/div><\/div>\n\n\n\n<div class=\"wp-block-uagb-container uagb-block-445218a4 alignfull uagb-is-root-container\"><div class=\"uagb-container-inner-blocks-wrap\"><\/div><\/div>\n\n\n\n<p><\/p>","protected":false},"excerpt":{"rendered":"","protected":false},"author":1,"featured_media":0,"parent":0,"menu_order":0,"comment_status":"closed","ping_status":"closed","template":"","meta":{"_uag_custom_page_level_css":"","site-sidebar-layout":"default","site-content-layout":"","ast-site-content-layout":"full-width-container","site-content-style":"default","site-sidebar-style":"default","ast-global-header-display":"","ast-banner-title-visibility":"","ast-main-header-display":"","ast-hfb-above-header-display":"","ast-hfb-below-header-display":"","ast-hfb-mobile-header-display":"","site-post-title":"disabled","ast-breadcrumbs-content":"","ast-featured-img":"","footer-sml-layout":"","ast-disable-related-posts":"","theme-transparent-header-meta":"enabled","adv-header-id-meta":"","stick-header-meta":"","header-above-stick-meta":"","header-main-stick-meta":"","header-below-stick-meta":"","astra-migrate-meta-layouts":"default","ast-page-background-enabled":"default","ast-page-background-meta":{"desktop":{"background-color":"var(--ast-global-color-5)","background-image":"","background-repeat":"repeat","background-position":"center center","background-size":"auto","background-attachment":"scroll","background-type":"","background-media":"","overlay-type":"","overlay-color":"","overlay-opacity":"","overlay-gradient":""},"tablet":{"background-color":"","background-image":"","background-repeat":"repeat","background-position":"center center","background-size":"auto","background-attachment":"scroll","background-type":"","background-media":"","overlay-type":"","overlay-color":"","overlay-opacity":"","overlay-gradient":""},"mobile":{"background-color":"","background-image":"","background-repeat":"repeat","background-position":"center center","background-size":"auto","background-attachment":"scroll","background-type":"","background-media":"","overlay-type":"","overlay-color":"","overlay-opacity":"","overlay-gradient":""}},"ast-content-background-meta":{"desktop":{"background-color":"var(--ast-global-color-4)","background-image":"","background-repeat":"repeat","background-position":"center center","background-size":"auto","background-attachment":"scroll","background-type":"","background-media":"","overlay-type":"","overlay-color":"","overlay-opacity":"","overlay-gradient":""},"tablet":{"background-color":"var(--ast-global-color-4)","background-image":"","background-repeat":"repeat","background-position":"center center","background-size":"auto","background-attachment":"scroll","background-type":"","background-media":"","overlay-type":"","overlay-color":"","overlay-opacity":"","overlay-gradient":""},"mobile":{"background-color":"var(--ast-global-color-4)","background-image":"","background-repeat":"repeat","background-position":"center center","background-size":"auto","background-attachment":"scroll","background-type":"","background-media":"","overlay-type":"","overlay-color":"","overlay-opacity":"","overlay-gradient":""}},"footnotes":""},"class_list":["post-20","page","type-page","status-publish","hentry"],"aioseo_notices":[],"_hostinger_reach_plugin_has_subscription_block":false,"_hostinger_reach_plugin_is_elementor":false,"uagb_featured_image_src":{"full":false,"thumbnail":false,"medium":false,"medium_large":false,"large":false,"1536x1536":false,"2048x2048":false,"trp-custom-language-flag":false},"uagb_author_info":{"display_name":"ferjsar@gmail.com","author_link":"https:\/\/jacofinest.com\/es\/author\/ferjsargmail-com\/"},"uagb_comment_info":0,"uagb_excerpt":null,"_links":{"self":[{"href":"https:\/\/jacofinest.com\/es\/wp-json\/wp\/v2\/pages\/20","targetHints":{"allow":["GET"]}}],"collection":[{"href":"https:\/\/jacofinest.com\/es\/wp-json\/wp\/v2\/pages"}],"about":[{"href":"https:\/\/jacofinest.com\/es\/wp-json\/wp\/v2\/types\/page"}],"author":[{"embeddable":true,"href":"https:\/\/jacofinest.com\/es\/wp-json\/wp\/v2\/users\/1"}],"replies":[{"embeddable":true,"href":"https:\/\/jacofinest.com\/es\/wp-json\/wp\/v2\/comments?post=20"}],"version-history":[{"count":17,"href":"https:\/\/jacofinest.com\/es\/wp-json\/wp\/v2\/pages\/20\/revisions"}],"predecessor-version":[{"id":753,"href":"https:\/\/jacofinest.com\/es\/wp-json\/wp\/v2\/pages\/20\/revisions\/753"}],"wp:attachment":[{"href":"https:\/\/jacofinest.com\/es\/wp-json\/wp\/v2\/media?parent=20"}],"curies":[{"name":"wp","href":"https:\/\/api.w.org\/{rel}","templated":true}]}}